{"id":479,"date":"2025-04-18T14:36:27","date_gmt":"2025-04-18T17:36:27","guid":{"rendered":"https:\/\/lexema.com.br\/?page_id=479"},"modified":"2025-07-25T21:29:22","modified_gmt":"2025-07-26T00:29:22","slug":"daniel-costa-junior","status":"publish","type":"page","link":"https:\/\/lexema.com.br\/index.php\/daniel-costa-junior\/","title":{"rendered":"Daniel Costa J\u00fanior"},"content":{"rendered":"<div class=\"wp-block-image\">\n<figure class=\"alignleft size-large is-resized\"><img fetchpriority=\"high\" decoding=\"async\" width=\"693\" height=\"1024\" src=\"https:\/\/lexema.com.br\/wp-content\/uploads\/2025\/04\/daniel_costa_junior_dan_costa_junior-A-693x1024.png\" alt=\"\" class=\"wp-image-481\" style=\"width:204px;height:auto\" srcset=\"https:\/\/lexema.com.br\/wp-content\/uploads\/2025\/04\/daniel_costa_junior_dan_costa_junior-A-693x1024.png 693w, https:\/\/lexema.com.br\/wp-content\/uploads\/2025\/04\/daniel_costa_junior_dan_costa_junior-A-203x300.png 203w, https:\/\/lexema.com.br\/wp-content\/uploads\/2025\/04\/daniel_costa_junior_dan_costa_junior-A.png 717w\" sizes=\"(max-width: 693px) 100vw, 693px\" \/><\/figure>\n<\/div>\n\n\n<p>Daniel Costa J\u00fanior \u00e9 doutor e mestre em Lingu\u00edstica Cognitiva pelo Programa de P\u00f3s-Gradua\u00e7\u00e3o em Estudos de Linguagem da Universidade Federal Fluminense &#8211; UFF. Especialista em L\u00edngua Portuguesa pela p\u00f3s-gradua\u00e7\u00e3o do Liceu Liter\u00e1rio Portugu\u00eas, cujas aulas foram ministradas por Evanildo Bechara. Possui especializa\u00e7\u00e3o em Doc\u00eancia da L\u00edngua Portuguesa para Estrangeiros, obtida pelo Centro Universit\u00e1rio Internacional. Graduado em Letras-Portugu\u00eas pela Faculdade de Filosofia do Recife e Letras-Espanhol pela Universidade do Estado do Rio de Janeiro. Foi professor-conteudista de Lingu\u00edstica Aplicada em gradua\u00e7\u00f5es de Letras e professor de L\u00edngua Portuguesa do Ensino M\u00e9dio em Recife, Olinda e Niter\u00f3i. Trabalhou nas revis\u00f5es de l\u00edngua portuguesa da Revista Gragoat\u00e1 entre 2016 e 2019. Atualmente \u00e9 associado ao Grupo de Estudos da Met\u00e1fora (UFF), professor da Secretaria Municipal de Educa\u00e7\u00e3o da cidade do Rio de Janeiro e professor colaborador em institui\u00e7\u00f5es humanit\u00e1rias para imigrantes e refugiados.<\/p>\n\n\n\n<p class=\"has-text-align-center\"><strong>PRINCIPAIS PUBLICA\u00c7\u00d5ES<\/strong><\/p>\n\n\n\n<p class=\"has-text-align-center\"><strong>Livro<\/strong><\/p>\n\n\n\n<p><strong>COSTA J\u00daNIOR, Daniel<\/strong>. <em>Caprichos intertextuais<\/em>: 7 li\u00e7\u00f5es de textos art\u00edsticos. Rio de Janeiro: Multifoco: 2025. <\/p>\n\n\n\n<p class=\"has-text-align-center\"><strong>Cap\u00edtulos de livro<\/strong><\/p>\n\n\n\n<p><strong>COSTA J\u00daNIOR, D. F<\/strong>. Termos oracionais e arqu\u00e9tipos conceptuais: uma an\u00e1lise contrastiva de conceitos das gram\u00e1ticas normativa, descritiva e cognitivista. In: VASCONCELOS, A. W. S. de.. (Org.). <em>Reflex\u00f5es sobre os estudos da linguagem na contemporaneidade<\/em>. 1 ed. Ponta Grossa &#8211; PR: Atena, 2022, v. \u00fanico, p. 12-24.<\/p>\n\n\n\n<p><strong>COSTA J\u00daNIOR, D. F<\/strong>. Bases l\u00f3gicas do quadrado e do hex\u00e1gono semi\u00f3tico. In: Darcilia Sim\u00f5es. (Org.). <em>Linguagens, c\u00f3digos e tecnologias<\/em>. 1 ed. Rio de Janeiro: Dialogarts, 2012, v. \u00fanico, p. 252-262.<\/p>\n\n\n\n<p class=\"has-text-align-center\"><strong>Artigos em revistas cient\u00edficas<\/strong><\/p>\n\n\n\n<p><strong>COSTA J\u00daNIOR, D. F<\/strong>. Geometria oposicional para as rela\u00e7\u00f5es intersemi\u00f3ticas n\u00e3o verbais: o caso do Nachtmusik. <em>REVISTA FAFIRE<\/em>, v. 11, p. 91-107, 2018.<\/p>\n\n\n\n<p><strong>COSTA J\u00daNIOR, D. F<\/strong>. Intersemiotic relations through the bias of semi-symbolism and oppositional geometry: the nocturnal inspiration. <em>STUDIES IN VISUAL ARTS AND COMMUNICATION<\/em>, v. 4, p. 1-13, 2017.<\/p>\n\n\n\n<p><strong>COSTA J\u00daNIOR, D. F.<\/strong> O modelo cognitivo idealizado da ansiedade e a met\u00e1fora da encomenda. <em>F\u00f3rum Lingu\u00cdstico<\/em> (Online), v. 13, p. 1169-1184, 2016.<\/p>\n\n\n\n<p><strong>COSTA J\u00daNIOR, D. F.<\/strong> L\u00f3gica em Lingu\u00edstica: o quadrado semi\u00f3tico e os estados intencionais da pragm\u00e1tica. <em>Cadernos de Letras da UFF<\/em>, v. \u00fanico, p. 173-194, 2013.<\/p>\n\n\n\n<p class=\"has-text-align-center\"><strong>Comunica\u00e7\u00f5es, palestras e simp\u00f3sios<\/strong><\/p>\n\n\n\n<p><strong>COSTA JR., Daniel Felix da.<\/strong>. O sistema hebraico de escrita na documenta\u00e7\u00e3o do roman\u00e7o hisp\u00e2nico medieval. In: <em>V Congresso Internacional de Letras Cl\u00e1ssicas e Orientais<\/em>, 2019, Rio de Janeiro. Inscri\u00e7\u00f5es da tradi\u00e7\u00e3o cl\u00e1ssica e oriental na contemporaneidade. Rio de Janeiro: ILE-UERJ, 2019. v. \u00fanico. p. 34-34.<\/p>\n\n\n\n<p><strong>COSTA JR., D. F. da.<\/strong>. A sem\u00e2ntica do voc\u00e1bulo expectativa em corpora dos s\u00e9culos XX e XXI. In: <em>Semin\u00e1rio dos Alunos dos Programas de P\u00f3s-gradua\u00e7\u00e3o do Instituto de Letras da UFF<\/em>, 2018, Niter\u00f3i. IX SAPPIL. Niter\u00f3i: UFF, 2018. v. \u00fanico. p. 41-42.<\/p>\n\n\n\n<p><strong>COSTA JR., D. F.<\/strong>. Descri\u00e7\u00e3o sem\u00e2ntica do uso do voc\u00e1bulo &#8216;expectativa&#8217; em corpora digitalizados. In: <em>XXII Congresso Nacional de Lingu\u00edstica e Filologia<\/em>, 2018, Rio de Janeiro. Cadernos do CNLF. Rio de Janeiro: UERJ, 2018. v. XXII. p. 41-42.<\/p>\n\n\n\n<p><strong>COSTA JR., D. F.<\/strong>. As met\u00e1foras podem deixar-te doente? A constru\u00e7\u00e3o sociocognitiva da emo\u00e7\u00e3o patologizada. In: <em>VI Simp\u00f3sio Internacional de Estudos Lingu\u00edsticos e Liter\u00e1rios<\/em> &#8211; VI SELL, 2017, Uberaba. Tempos, territ\u00f3rios e linguagens: fronteiras m\u00faltiplas. Uberaba: UFTM, 2017. v. \u00fanico.<\/p>\n\n\n\n<p><strong>COSTA JR., D. F.<\/strong>. Estudo da expectativa sob o vi\u00e9s da met\u00e1fora e da sem\u00e2ntica lexical cognitiva. In: SAPPIL &#8211; <em>Semin\u00e1rio dos Alunos dos Programas de P\u00f3s-gradua\u00e7\u00e3o do Instituto de Letras da UFF<\/em>, 2017, Niter\u00f3i. SAPPIL &#8211; Estudos de Linguagem. Niter\u00f3i: UFF, 2017. v. \u00danico. p. 86-87.<\/p>\n\n\n\n<p><strong>COSTA JR., D. F.<\/strong>. O papel cultural da met\u00e1fora nas atualiza\u00e7\u00f5es sem\u00e2nticas do conceito de expectativa. In: VI CIMLP &#8211; <em>Congresso Internacional sobre a Met\u00e1fora na Linguagem e no Pensamento<\/em>, 2017, Salvador. Resumos. Salvador: UFBA, 2017. v. \u00danico. p. 61-61.<\/p>\n\n\n\n<p><strong>COSTA JR., D. F.<\/strong>. Met\u00e1fora e evento fictivo na compreens\u00e3o do futuro e das expectativas. In: VII SAPPIL &#8211; <em>Semin\u00e1rio dos Alunos dos Programas de P\u00f3s-gradua\u00e7\u00e3o do Instituto de Letras da UFF<\/em>, 2016, Niter\u00f3i. Reflex\u00f5es sobre linguagem e literatura, 2016. v. I. p. 25-25.<\/p>\n\n\n\n<p><strong>COSTA JR., D. F.<\/strong>. Met\u00e1fora e integraliza\u00e7\u00e3o conceptual na patologiza\u00e7\u00e3o de emo\u00e7\u00f5es. In: XXVI Jornada do GELNE, 2016, Recife. Rumo aos quarenta anos. Recife: Pipa Comunica\u00e7\u00e3o, 2016. v. \u00fanico. p. 709-710.<\/p>\n\n\n\n<p><strong>COSTA JR, D. F<\/strong>. O modelo cognitivo idealizado da ansiedade da ansiedade e a met\u00e1fora da encomenda. In: VII Confer\u00eancia Lingu\u00edstica e Cogni\u00e7\u00e3o, 2015, Jo\u00e3o Pessoa &#8211; PB. VII Confer\u00eancia Lingu\u00edstica e Cogni\u00e7\u00e3o. Jo\u00e3o Pessoa: UFPB, 2015. v. \u00danico. p. 53-53.<\/p>\n\n\n\n<p><strong>COSTA JR, D. F.<\/strong>. A rela\u00e7\u00e3o interdom\u00ednios EMO\u00c7\u00c3O-DOEN\u00c7A no caso da ansiedade. In: V <em>Congresso Internacional sobre a Met\u00e1fora na Linguagem e no Pensamento<\/em>, 2015, Belo Horizonte. V Congresso Internacional sobre a Met\u00e1fora na Linguagem e no Pensamento. Belo Horizonte: UFMG, 2015. v. \u00fanico. p. 23-23.<\/p>\n\n\n\n<p><\/p>\n","protected":false},"excerpt":{"rendered":"<p>Daniel Costa J\u00fanior \u00e9 doutor e mestre em Lingu\u00edstica Cognitiva pelo Programa de P\u00f3s-Gradua\u00e7\u00e3o em Estudos de Linguagem da Universidade Federal Fluminense &#8211; UFF. Especialista em L\u00edngua Portuguesa pela p\u00f3s-gradua\u00e7\u00e3o do Liceu Liter\u00e1rio Portugu\u00eas, cujas aulas foram ministradas por Evanildo Bechara. Possui especializa\u00e7\u00e3o em Doc\u00eancia da L\u00edngua Portuguesa para Estrangeiros, obtida pelo Centro Universit\u00e1rio Internacional. Graduado em Letras-Portugu\u00eas pela Faculdade de Filosofia do Recife e Letras-Espanhol pela Universidade do Estado do Rio de Janeiro. Foi professor-conteudista de Lingu\u00edstica Aplicada em gradua\u00e7\u00f5es de Letras e professor de L\u00edngua Portuguesa do Ensino M\u00e9dio em Recife, Olinda e Niter\u00f3i. Trabalhou nas revis\u00f5es de l\u00edngua portuguesa da Revista Gragoat\u00e1 entre 2016 e 2019. Atualmente \u00e9 associado ao Grupo de Estudos da Met\u00e1fora (UFF), professor da Secretaria Municipal de Educa\u00e7\u00e3o da cidade do Rio de Janeiro e professor colaborador em institui\u00e7\u00f5es humanit\u00e1rias para imigrantes e refugiados. PRINCIPAIS PUBLICA\u00c7\u00d5ES Livro COSTA J\u00daNIOR, Daniel. Caprichos intertextuais: 7 li\u00e7\u00f5es de textos art\u00edsticos. Rio de Janeiro: Multifoco: 2025. Cap\u00edtulos de livro COSTA J\u00daNIOR, D. F. Termos oracionais e arqu\u00e9tipos conceptuais: uma an\u00e1lise contrastiva de conceitos das gram\u00e1ticas normativa, descritiva e cognitivista. In: VASCONCELOS, A. W. S. de.. (Org.). Reflex\u00f5es sobre os estudos da linguagem na contemporaneidade. 1 ed. Ponta Grossa &#8211; PR: Atena, 2022, v. \u00fanico, p. 12-24. COSTA J\u00daNIOR, D. F. Bases l\u00f3gicas do quadrado e do hex\u00e1gono semi\u00f3tico. In: Darcilia Sim\u00f5es. (Org.). Linguagens, c\u00f3digos e tecnologias. 1 ed. Rio de Janeiro: Dialogarts, 2012, v. \u00fanico, p. 252-262. Artigos em revistas cient\u00edficas COSTA J\u00daNIOR, D. F. Geometria oposicional para as rela\u00e7\u00f5es intersemi\u00f3ticas n\u00e3o verbais: o caso do Nachtmusik. REVISTA FAFIRE, v. 11, p. 91-107, 2018. COSTA J\u00daNIOR, D. F. Intersemiotic relations through the bias of semi-symbolism and oppositional geometry: the nocturnal inspiration. STUDIES IN VISUAL ARTS AND COMMUNICATION, v. 4, p. 1-13, 2017. COSTA J\u00daNIOR, D. F. O modelo cognitivo idealizado da ansiedade e a met\u00e1fora da encomenda. F\u00f3rum Lingu\u00cdstico (Online), v. 13, p. 1169-1184, 2016. COSTA J\u00daNIOR, D. F. L\u00f3gica em Lingu\u00edstica: o quadrado semi\u00f3tico e os estados intencionais da pragm\u00e1tica. Cadernos de Letras da UFF, v. \u00fanico, p. 173-194, 2013. Comunica\u00e7\u00f5es, palestras e simp\u00f3sios COSTA JR., Daniel Felix da.. O sistema hebraico de escrita na documenta\u00e7\u00e3o do roman\u00e7o hisp\u00e2nico medieval. In: V Congresso Internacional de Letras Cl\u00e1ssicas e Orientais, 2019, Rio de Janeiro. Inscri\u00e7\u00f5es da tradi\u00e7\u00e3o cl\u00e1ssica e oriental na contemporaneidade. Rio de Janeiro: ILE-UERJ, 2019. v. \u00fanico. p. 34-34. COSTA JR., D. F. da.. A sem\u00e2ntica do voc\u00e1bulo expectativa em corpora dos s\u00e9culos XX e XXI. In: Semin\u00e1rio dos Alunos dos Programas de P\u00f3s-gradua\u00e7\u00e3o do Instituto de Letras da UFF, 2018, Niter\u00f3i. IX SAPPIL. Niter\u00f3i: UFF, 2018. v. \u00fanico. p. 41-42. COSTA JR., D. F.. Descri\u00e7\u00e3o sem\u00e2ntica do uso do voc\u00e1bulo &#8216;expectativa&#8217; em corpora digitalizados. In: XXII Congresso Nacional de Lingu\u00edstica e Filologia, 2018, Rio de Janeiro. Cadernos do CNLF. Rio de Janeiro: UERJ, 2018. v. XXII. p. 41-42. COSTA JR., D. F.. As met\u00e1foras podem deixar-te doente? A constru\u00e7\u00e3o sociocognitiva da emo\u00e7\u00e3o patologizada. In: VI Simp\u00f3sio Internacional de Estudos Lingu\u00edsticos e Liter\u00e1rios &#8211; VI SELL, 2017, Uberaba. Tempos, territ\u00f3rios e linguagens: fronteiras m\u00faltiplas. Uberaba: UFTM, 2017. v. \u00fanico. COSTA JR., D. F.. Estudo da expectativa sob o vi\u00e9s da met\u00e1fora e da sem\u00e2ntica lexical cognitiva. In: SAPPIL &#8211; Semin\u00e1rio dos Alunos dos Programas de P\u00f3s-gradua\u00e7\u00e3o do Instituto de Letras da UFF, 2017, Niter\u00f3i. SAPPIL &#8211; Estudos de Linguagem. Niter\u00f3i: UFF, 2017. v. \u00danico. p. 86-87. COSTA JR., D. F.. O papel cultural da met\u00e1fora nas atualiza\u00e7\u00f5es sem\u00e2nticas do conceito de expectativa. In: VI CIMLP &#8211; Congresso Internacional sobre a Met\u00e1fora na Linguagem e no Pensamento, 2017, Salvador. Resumos. Salvador: UFBA, 2017. v. \u00danico. p. 61-61. COSTA JR., D. F.. Met\u00e1fora e evento fictivo na compreens\u00e3o do futuro e das expectativas. In: VII SAPPIL &#8211; Semin\u00e1rio dos Alunos dos Programas de P\u00f3s-gradua\u00e7\u00e3o do Instituto de Letras da UFF, 2016, Niter\u00f3i. Reflex\u00f5es sobre linguagem e literatura, 2016. v. I. p. 25-25. COSTA JR., D. F.. Met\u00e1fora e integraliza\u00e7\u00e3o conceptual na patologiza\u00e7\u00e3o de emo\u00e7\u00f5es. In: XXVI Jornada do GELNE, 2016, Recife. Rumo aos quarenta anos. Recife: Pipa Comunica\u00e7\u00e3o, 2016. v. \u00fanico. p. 709-710. COSTA JR, D. F. O modelo cognitivo idealizado da ansiedade da ansiedade e a met\u00e1fora da encomenda. In: VII Confer\u00eancia Lingu\u00edstica e Cogni\u00e7\u00e3o, 2015, Jo\u00e3o Pessoa &#8211; PB. VII Confer\u00eancia Lingu\u00edstica e Cogni\u00e7\u00e3o. Jo\u00e3o Pessoa: UFPB, 2015. v. \u00danico. p. 53-53. COSTA JR, D. F.. A rela\u00e7\u00e3o interdom\u00ednios EMO\u00c7\u00c3O-DOEN\u00c7A no caso da ansiedade. In: V Congresso Internacional sobre a Met\u00e1fora na Linguagem e no Pensamento, 2015, Belo Horizonte. V Congresso Internacional sobre a Met\u00e1fora na Linguagem e no Pensamento. Belo Horizonte: UFMG, 2015. v. \u00fanico. p. 23-23.<\/p>\n","protected":false},"author":1,"featured_media":0,"parent":0,"menu_order":0,"comment_status":"open","ping_status":"closed","template":"","meta":{"_exactmetrics_skip_tracking":false,"_exactmetrics_sitenote_active":false,"_exactmetrics_sitenote_note":"","_exactmetrics_sitenote_category":0,"_uf_show_specific_survey":0,"_uf_disable_surveys":false,"footnotes":""},"class_list":["post-479","page","type-page","status-publish","hentry"],"aioseo_notices":[],"acf":[],"_links":{"self":[{"href":"https:\/\/lexema.com.br\/index.php\/wp-json\/wp\/v2\/pages\/479","targetHints":{"allow":["GET"]}}],"collection":[{"href":"https:\/\/lexema.com.br\/index.php\/wp-json\/wp\/v2\/pages"}],"about":[{"href":"https:\/\/lexema.com.br\/index.php\/wp-json\/wp\/v2\/types\/page"}],"author":[{"embeddable":true,"href":"https:\/\/lexema.com.br\/index.php\/wp-json\/wp\/v2\/users\/1"}],"replies":[{"embeddable":true,"href":"https:\/\/lexema.com.br\/index.php\/wp-json\/wp\/v2\/comments?post=479"}],"version-history":[{"count":15,"href":"https:\/\/lexema.com.br\/index.php\/wp-json\/wp\/v2\/pages\/479\/revisions"}],"predecessor-version":[{"id":605,"href":"https:\/\/lexema.com.br\/index.php\/wp-json\/wp\/v2\/pages\/479\/revisions\/605"}],"wp:attachment":[{"href":"https:\/\/lexema.com.br\/index.php\/wp-json\/wp\/v2\/media?parent=479"}],"curies":[{"name":"wp","href":"https:\/\/api.w.org\/{rel}","templated":true}]}}