{"id":303,"date":"2023-07-20T15:15:50","date_gmt":"2023-07-20T18:15:50","guid":{"rendered":"http:\/\/lexema.com.br\/?page_id=303"},"modified":"2025-04-21T12:21:06","modified_gmt":"2025-04-21T15:21:06","slug":"sobre","status":"publish","type":"page","link":"https:\/\/lexema.com.br\/index.php\/sobre\/","title":{"rendered":"Sobre"},"content":{"rendered":"\n<p>O blogue Lexema possui o objetivo de apresentar e discutir os usos lingu\u00edsticos associados \u00e0 l\u00edngua portuguesa ou \u00e0 semi\u00f3tica de fatos do nosso cotidiano. Empenha-se, portanto, em fins educacionais e de divulga\u00e7\u00e3o cient\u00edfica das teorias lingu\u00edsticas. Ainda que propenso ao discurso da informatividade e do cientificismo, sua abordagem \u00e9 eivada de pessoalidade, pois n\u00e3o existe discurso isento de ideologia.<\/p>\n\n\n\n<p>O nome \u201clexema\u201d significa unidade b\u00e1sica do l\u00e9xico, por vezes se ajusta aos significados de morfema, palavra ou lexia. Suas subpartes s\u00e3o de origem grega: <em>lexi<\/em> (palavra) e <em>-\u0113ma<\/em> (unidade de a\u00e7\u00e3o). Na verdade, trata-se de um termo que tenta capturar uma particularidade da palavra, que, por incr\u00edvel que pare\u00e7a, \u00e9 cientificamente dif\u00edcil de abstrair um conceito que abarque todas as possibilidades desse fen\u00f4meno. Em \u00faltima inst\u00e2ncia, para o grande p\u00fablico: lexemas s\u00e3o palavras.<\/p>\n\n\n\n<p>Esperamos que o blogue auxilie a todos com informa\u00e7\u00f5es \u00fateis ao nosso mundo \u201clexem\u00e1tico\u201d. Contribua voc\u00ea tamb\u00e9m nos enviando perguntas, sugest\u00f5es e cr\u00edticas.<\/p>\n\n\n<div class=\"wp-block-image\">\n<figure class=\"aligncenter size-full is-resized\"><img fetchpriority=\"high\" decoding=\"async\" width=\"666\" height=\"964\" src=\"http:\/\/lexema.com.br\/wp-content\/uploads\/2023\/07\/LexemaIcone4_Sombra.png.png\" alt=\"\" class=\"wp-image-291\" style=\"width:97px;height:140px\" srcset=\"https:\/\/lexema.com.br\/wp-content\/uploads\/2023\/07\/LexemaIcone4_Sombra.png.png 666w, https:\/\/lexema.com.br\/wp-content\/uploads\/2023\/07\/LexemaIcone4_Sombra.png-207x300.png 207w, https:\/\/lexema.com.br\/wp-content\/uploads\/2023\/07\/LexemaIcone4_Sombra.png-300x434.png 300w\" sizes=\"(max-width: 666px) 100vw, 666px\" \/><\/figure>\n<\/div>\n\n\n<p>O <em><strong>Lexema<\/strong><\/em> \u00e9 editado por Daniel Costa J\u00fanior, <em>Doutor em Lingu\u00edstica<\/em> pela Universidade Federal Fluminense e professor de L\u00edngua Portuguesa h\u00e1 mais de 15 anos.<\/p>\n\n\n\n<p>O editor realiza suas atividades n\u00e3o eletr\u00f4nicas na cidade de Rio de Janeiro \u2013 Brasil. <\/p>\n\n\n\n<p>Comunica\u00e7\u00f5es podem ser enviadas para o email:<\/p>\n\n\n\n<p><strong>lexema.br@gmail.com<\/strong><\/p>\n","protected":false},"excerpt":{"rendered":"<p>O blogue Lexema possui o objetivo de apresentar e discutir os usos lingu\u00edsticos associados \u00e0 l\u00edngua portuguesa ou \u00e0 semi\u00f3tica de fatos do nosso cotidiano. Empenha-se, portanto, em fins educacionais e de divulga\u00e7\u00e3o cient\u00edfica das teorias lingu\u00edsticas. Ainda que propenso ao discurso da informatividade e do cientificismo, sua abordagem \u00e9 eivada de pessoalidade, pois n\u00e3o existe discurso isento de ideologia. O nome \u201clexema\u201d significa unidade b\u00e1sica do l\u00e9xico, por vezes se ajusta aos significados de morfema, palavra ou lexia. Suas subpartes s\u00e3o de origem grega: lexi (palavra) e -\u0113ma (unidade de a\u00e7\u00e3o). Na verdade, trata-se de um termo que tenta capturar uma particularidade da palavra, que, por incr\u00edvel que pare\u00e7a, \u00e9 cientificamente dif\u00edcil de abstrair um conceito que abarque todas as possibilidades desse fen\u00f4meno. Em \u00faltima inst\u00e2ncia, para o grande p\u00fablico: lexemas s\u00e3o palavras. Esperamos que o blogue auxilie a todos com informa\u00e7\u00f5es \u00fateis ao nosso mundo \u201clexem\u00e1tico\u201d. Contribua voc\u00ea tamb\u00e9m nos enviando perguntas, sugest\u00f5es e cr\u00edticas. O Lexema \u00e9 editado por Daniel Costa J\u00fanior, Doutor em Lingu\u00edstica pela Universidade Federal Fluminense e professor de L\u00edngua Portuguesa h\u00e1 mais de 15 anos. O editor realiza suas atividades n\u00e3o eletr\u00f4nicas na cidade de Rio de Janeiro \u2013 Brasil. Comunica\u00e7\u00f5es podem ser enviadas para o email: lexema.br@gmail.com<\/p>\n","protected":false},"author":1,"featured_media":0,"parent":0,"menu_order":0,"comment_status":"closed","ping_status":"closed","template":"","meta":{"_exactmetrics_skip_tracking":false,"_exactmetrics_sitenote_active":false,"_exactmetrics_sitenote_note":"","_exactmetrics_sitenote_category":0,"_uf_show_specific_survey":0,"_uf_disable_surveys":false,"footnotes":""},"class_list":["post-303","page","type-page","status-publish","hentry"],"aioseo_notices":[],"acf":[],"_links":{"self":[{"href":"https:\/\/lexema.com.br\/index.php\/wp-json\/wp\/v2\/pages\/303","targetHints":{"allow":["GET"]}}],"collection":[{"href":"https:\/\/lexema.com.br\/index.php\/wp-json\/wp\/v2\/pages"}],"about":[{"href":"https:\/\/lexema.com.br\/index.php\/wp-json\/wp\/v2\/types\/page"}],"author":[{"embeddable":true,"href":"https:\/\/lexema.com.br\/index.php\/wp-json\/wp\/v2\/users\/1"}],"replies":[{"embeddable":true,"href":"https:\/\/lexema.com.br\/index.php\/wp-json\/wp\/v2\/comments?post=303"}],"version-history":[{"count":4,"href":"https:\/\/lexema.com.br\/index.php\/wp-json\/wp\/v2\/pages\/303\/revisions"}],"predecessor-version":[{"id":512,"href":"https:\/\/lexema.com.br\/index.php\/wp-json\/wp\/v2\/pages\/303\/revisions\/512"}],"wp:attachment":[{"href":"https:\/\/lexema.com.br\/index.php\/wp-json\/wp\/v2\/media?parent=303"}],"curies":[{"name":"wp","href":"https:\/\/api.w.org\/{rel}","templated":true}]}}